{"id":19,"date":"2018-09-29T07:51:59","date_gmt":"2018-09-29T05:51:59","guid":{"rendered":"http:\/\/bigband-erfurt.de\/?page_id=19"},"modified":"2024-02-24T23:25:24","modified_gmt":"2024-02-24T22:25:24","slug":"home","status":"publish","type":"page","link":"https:\/\/bigband-erfurt.de\/","title":{"rendered":"Home"},"content":{"rendered":"\t\t<div data-elementor-type=\"wp-page\" data-elementor-id=\"19\" class=\"elementor elementor-19\">\n\t\t\t\t\t\t<div class=\"elementor-inner\">\n\t\t\t\t<div class=\"elementor-section-wrap\">\n\t\t\t\t\t\t\t\t\t<section class=\"elementor-section elementor-top-section elementor-element elementor-element-1a4293d7 elementor-section-boxed elementor-section-height-default elementor-section-height-default\" data-id=\"1a4293d7\" data-element_type=\"section\">\n\t\t\t\t\t\t<div class=\"elementor-container elementor-column-gap-default\">\n\t\t\t\t\t\t\t<div class=\"elementor-row\">\n\t\t\t\t\t<div class=\"elementor-column elementor-col-100 elementor-top-column elementor-element elementor-element-8d9aca\" data-id=\"8d9aca\" data-element_type=\"column\">\n\t\t\t<div class=\"elementor-column-wrap elementor-element-populated\">\n\t\t\t\t\t\t\t<div class=\"elementor-widget-wrap\">\n\t\t\t\t\t\t<div class=\"elementor-element elementor-element-24443bd elementor-widget elementor-widget-image\" data-id=\"24443bd\" data-element_type=\"widget\" data-widget_type=\"image.default\">\n\t\t\t\t<div class=\"elementor-widget-container\">\n\t\t\t\t\t\t\t\t<div class=\"elementor-image\">\n\t\t\t\t\t\t\t\t\t\t\t\t<img width=\"2560\" height=\"1215\" src=\"https:\/\/bigband-erfurt.de\/wp-content\/uploads\/HomepageTitel-scaled.jpg\" class=\"attachment-large size-large\" alt=\"\" loading=\"lazy\" srcset=\"https:\/\/bigband-erfurt.de\/wp-content\/uploads\/HomepageTitel-scaled.jpg 2560w, https:\/\/bigband-erfurt.de\/wp-content\/uploads\/HomepageTitel-768x364.jpg 768w, https:\/\/bigband-erfurt.de\/wp-content\/uploads\/HomepageTitel-1536x729.jpg 1536w, https:\/\/bigband-erfurt.de\/wp-content\/uploads\/HomepageTitel-2048x972.jpg 2048w, https:\/\/bigband-erfurt.de\/wp-content\/uploads\/HomepageTitel-920x436.jpg 920w, https:\/\/bigband-erfurt.de\/wp-content\/uploads\/HomepageTitel-230x109.jpg 230w, https:\/\/bigband-erfurt.de\/wp-content\/uploads\/HomepageTitel-350x166.jpg 350w, https:\/\/bigband-erfurt.de\/wp-content\/uploads\/HomepageTitel-480x228.jpg 480w\" sizes=\"(max-width: 2560px) 100vw, 2560px\" \/>\t\t\t\t\t\t\t\t\t\t\t\t\t\t<\/div>\n\t\t\t\t\t\t<\/div>\n\t\t\t\t<\/div>\n\t\t\t\t<div class=\"elementor-element elementor-element-46b4ea7c elementor-widget elementor-widget-text-editor\" data-id=\"46b4ea7c\" data-element_type=\"widget\" data-widget_type=\"text-editor.default\">\n\t\t\t\t<div class=\"elementor-widget-container\">\n\t\t\t\t\t\t\t\t<div class=\"elementor-text-editor elementor-clearfix\">\n\t\t\t\t<p style=\"text-align: center;\"><!-- wp:separator --><\/p>\n<p><!-- \/wp:separator --><\/p>\n<p><!-- wp:heading {\"level\":1,\"align\":\"center\"} --><\/p>\n<h1 style=\"text-align: center;\">Herzlich Willkommen bei den Crazys, der Party-BigBand aus Erfurt!\u00a0<\/h1>\n<p><!-- \/wp:heading --><\/p>\n<p><!-- wp:paragraph {\"align\":\"center\"} --><\/p>\n<p style=\"margin-bottom: 15pt; background-image: initial; background-position: initial; background-size: initial; background-repeat: initial; background-attachment: initial; background-origin: initial; background-clip: initial;\" align=\"center\"><span style=\"font-family: 'Segoe UI', sans-serif;\">Musik im BigBand-Sound, Songs zum Mitsingen und -tanzen, dazu<br \/>jede Menge Spa\u00df auf der B\u00fchne \u2013 fertig ist das Crazys-Rezept. <\/span><\/p>\n<p style=\"margin-bottom: 15pt; background-image: initial; background-position: initial; background-size: initial; background-repeat: initial; background-attachment: initial; background-origin: initial; background-clip: initial;\" align=\"center\"><span style=\"font-family: 'Segoe UI', sans-serif;\">Die Crazys BigBand aus Erfurt besteht aus etwa\u00a0<\/span><span style=\"font-size: 12pt; line-height: 107%; font-family: 'Segoe UI', sans-serif;\">20 \u201eprofessionellen Laienmusikern\u201c,\u00a0<\/span><span style=\"font-weight: var( --e-global-typography-text-font-weight ); font-size: 12pt; line-height: 107%; font-family: 'Segoe UI', sans-serif;\">die gemeinsam mit dem Publikum jeden Auftritt zu einem<br \/>besonderen Erlebnis machen. Spontaneit\u00e4t und Spielfreude sowie ein vielf\u00e4ltiges<br \/>Programm <\/span><span style=\"font-weight: var( --e-global-typography-text-font-weight ); font-size: 12pt; line-height: 107%; font-family: 'Segoe UI', sans-serif;\">aus den\u00a0letzten 100 Jahren Musikgeschichte<\/span><span style=\"font-weight: var( --e-global-typography-text-font-weight ); font-size: 12pt; line-height: 107%; font-family: 'Segoe UI', sans-serif;\"> zeichnen uns aus.<\/span><\/p>\n<p style=\"margin-bottom: 15pt; background-image: initial; background-position: initial; background-size: initial; background-repeat: initial; background-attachment: initial; background-origin: initial; background-clip: initial;\" align=\"center\"><span style=\"font-family: 'Segoe UI', sans-serif;\">Das Repertoire beginnt in den Goldenen Zwanzigern und endet bei aktuellen<br \/>Charts. Dazu geh\u00f6ren Titel von Michael Bubl\u00e9, The Boss Hoss, Paul Kalkbrenner,<br \/>Jan Delay, Michael Jackson oder Depeche Mode bis hin zu Klassikern von Elvis<br \/>Presley oder Aretha Franklin. <\/span><\/p>\n<p style=\"margin-bottom: 15pt; background-image: initial; background-position: initial; background-size: initial; background-repeat: initial; background-attachment: initial; background-origin: initial; background-clip: initial;\" align=\"center\"><span style=\"font-family: 'Segoe UI', sans-serif;\">Haben wir Ihr Interesse geweckt?\u00a0<\/span><\/p>\n<p><span style=\"font-weight: var( --e-global-typography-text-font-weight ); font-size: 12pt; line-height: 107%; font-family: 'Segoe UI', sans-serif;\">Kontaktieren Sie uns einfach per Mail<\/span> <span style=\"font-weight: var( --e-global-typography-text-font-weight ); background-image: initial; background-position: initial; background-size: initial; background-repeat: initial; background-attachment: initial; background-origin: initial; background-clip: initial; font-size: 12pt; line-height: 107%; font-family: 'Segoe UI Historic', sans-serif; color: #050505;\"><a href=\"mailto:kontakt@crazys-band.de\">kontakt@crazys-band.de<\/a><\/span><span style=\"font-weight: var( --e-global-typography-text-font-weight ); background-image: initial; background-position: initial; background-size: initial; background-repeat: initial; background-attachment: initial; background-origin: initial; background-clip: initial; font-size: 11.5pt; line-height: 107%; font-family: 'Segoe UI Historic', sans-serif; color: #050505;\">, <\/span><span style=\"font-weight: var( --e-global-typography-text-font-weight ); font-size: 12pt; line-height: 107%; font-family: 'Segoe UI', sans-serif;\">Telefon <\/span><span style=\"font-weight: var( --e-global-typography-text-font-weight ); font-size: 11pt; line-height: 107%; font-family: 'Segoe UI', sans-serif;\">0177 \u2013 40 801<span style=\"background-image: initial; background-position: initial; background-size: initial; background-repeat: initial; background-attachment: initial; background-origin: initial; background-clip: initial;\"> 33<\/span> <br \/>oder \u00fcber das<\/span><span style=\"font-family: var( --e-global-typography-text-font-family ), Sans-serif; font-weight: var( --e-global-typography-text-font-weight );\">\u00a0<\/span><a style=\"font-family: var( --e-global-typography-text-font-family ), Sans-serif; font-weight: var( --e-global-typography-text-font-weight ); background-color: #ffffff;\" href=\"https:\/\/bigband-erfurt.de\/?page_id=3606\">Kontaktformular<\/a><span style=\"font-family: var( --e-global-typography-text-font-family ), Sans-serif; font-weight: var( --e-global-typography-text-font-weight );\">.,\u00a0<\/span><\/p>\n<p><!-- \/wp:paragraph --><\/p>\n<p><!-- wp:paragraph {\"align\":\"center\"} --><\/p>\n<p>\u00a0<\/p>\n<p><!-- \/wp:paragraph --><\/p>\n<p><!-- wp:paragraph --><\/p>\n<p><!-- \/wp:paragraph --><\/p>\n<figure><\/figure>\n<figure><\/figure>\t\t\t\t\t<\/div>\n\t\t\t\t\t\t<\/div>\n\t\t\t\t<\/div>\n\t\t\t\t\t\t<\/div>\n\t\t\t\t\t<\/div>\n\t\t<\/div>\n\t\t\t\t\t\t\t\t<\/div>\n\t\t\t\t\t<\/div>\n\t\t<\/section>\n\t\t\t\t<section class=\"elementor-section elementor-top-section elementor-element elementor-element-2d49e49 elementor-section-boxed elementor-section-height-default elementor-section-height-default\" data-id=\"2d49e49\" data-element_type=\"section\">\n\t\t\t\t\t\t<div class=\"elementor-container elementor-column-gap-default\">\n\t\t\t\t\t\t\t<div class=\"elementor-row\">\n\t\t\t\t\t<div class=\"elementor-column elementor-col-100 elementor-top-column elementor-element elementor-element-4677682\" data-id=\"4677682\" data-element_type=\"column\">\n\t\t\t<div class=\"elementor-column-wrap elementor-element-populated\">\n\t\t\t\t\t\t\t<div class=\"elementor-widget-wrap\">\n\t\t\t\t\t\t<div class=\"elementor-element elementor-element-7ad6262 elementor-shape-rounded elementor-grid-0 e-grid-align-center elementor-widget elementor-widget-social-icons\" data-id=\"7ad6262\" data-element_type=\"widget\" data-widget_type=\"social-icons.default\">\n\t\t\t\t<div class=\"elementor-widget-container\">\n\t\t\t\t\t<div class=\"elementor-social-icons-wrapper elementor-grid\">\n\t\t\t\t\t\t\t<span class=\"elementor-grid-item\">\n\t\t\t\t\t<a class=\"elementor-icon elementor-social-icon elementor-social-icon-facebook elementor-repeater-item-0d1b0c6\" href=\"https:\/\/de-de.facebook.com\/crazysbigband\/\" target=\"_blank\">\n\t\t\t\t\t\t<span class=\"elementor-screen-only\">Facebook<\/span>\n\t\t\t\t\t\t<i class=\"fab fa-facebook\"><\/i>\t\t\t\t\t<\/a>\n\t\t\t\t<\/span>\n\t\t\t\t\t\t\t<span class=\"elementor-grid-item\">\n\t\t\t\t\t<a class=\"elementor-icon elementor-social-icon elementor-social-icon-instagram elementor-repeater-item-ebb3f17\" href=\"https:\/\/www.instagram.com\/crazys_bigband\/\" target=\"_blank\">\n\t\t\t\t\t\t<span class=\"elementor-screen-only\">Instagram<\/span>\n\t\t\t\t\t\t<i class=\"fab fa-instagram\"><\/i>\t\t\t\t\t<\/a>\n\t\t\t\t<\/span>\n\t\t\t\t\t<\/div>\n\t\t\t\t<\/div>\n\t\t\t\t<\/div>\n\t\t\t\t\t\t<\/div>\n\t\t\t\t\t<\/div>\n\t\t<\/div>\n\t\t\t\t\t\t\t\t<\/div>\n\t\t\t\t\t<\/div>\n\t\t<\/section>\n\t\t\t\t<section class=\"elementor-section elementor-top-section elementor-element elementor-element-fe26f43 elementor-section-boxed elementor-section-height-default elementor-section-height-default\" data-id=\"fe26f43\" data-element_type=\"section\">\n\t\t\t\t\t\t<div class=\"elementor-container elementor-column-gap-default\">\n\t\t\t\t\t\t\t<div class=\"elementor-row\">\n\t\t\t\t\t<div class=\"elementor-column elementor-col-100 elementor-top-column elementor-element elementor-element-865641c\" data-id=\"865641c\" data-element_type=\"column\">\n\t\t\t<div class=\"elementor-column-wrap\">\n\t\t\t\t\t\t\t<div class=\"elementor-widget-wrap\">\n\t\t\t\t\t\t\t\t<\/div>\n\t\t\t\t\t<\/div>\n\t\t<\/div>\n\t\t\t\t\t\t\t\t<\/div>\n\t\t\t\t\t<\/div>\n\t\t<\/section>\n\t\t\t\t\t\t\t\t\t<\/div>\n\t\t\t<\/div>\n\t\t\t\t\t<\/div>\n\t\t","protected":false},"excerpt":{"rendered":"<p>Herzlich Willkommen bei den Crazys, der Party-BigBand aus Erfurt!\u00a0 Musik im BigBand-Sound, Songs zum Mitsingen und -tanzen, dazujede Menge Spa\u00df auf der [&hellip;]<\/p>\n","protected":false},"author":2,"featured_media":0,"parent":0,"menu_order":1,"comment_status":"closed","ping_status":"closed","template":"","meta":[],"yoast_head":"<!-- This site is optimized with the Yoast SEO plugin v19.1 - https:\/\/yoast.com\/wordpress\/plugins\/seo\/ -->\n<title>Home - BigBand aus Erfurt macht Ihren Tanzabend unvergesslich!<\/title>\n<meta name=\"description\" content=\"Die Crazys aus Erfurt sind die Party Big-Band f\u00fcr Ihren n\u00e4chsten Tanzabend! Besuchen Sie unsere Webseite und \u00fcberzeugen Sie sich von bester Unterhaltung!\" \/>\n<meta name=\"robots\" content=\"index, follow, max-snippet:-1, max-image-preview:large, max-video-preview:-1\" \/>\n<link rel=\"canonical\" href=\"https:\/\/bigband-erfurt.de\/\" \/>\n<meta property=\"og:locale\" content=\"de_DE\" \/>\n<meta property=\"og:type\" content=\"article\" \/>\n<meta property=\"og:title\" content=\"Home - BigBand aus Erfurt macht Ihren Tanzabend unvergesslich!\" \/>\n<meta property=\"og:description\" content=\"Die Crazys aus Erfurt sind die Party Big-Band f\u00fcr Ihren n\u00e4chsten Tanzabend! Besuchen Sie unsere Webseite und \u00fcberzeugen Sie sich von bester Unterhaltung!\" \/>\n<meta property=\"og:url\" content=\"https:\/\/bigband-erfurt.de\/\" \/>\n<meta property=\"og:site_name\" content=\"Crazys-BigBand\" \/>\n<meta property=\"article:publisher\" content=\"https:\/\/www.facebook.com\/crazysunglasses\/\" \/>\n<meta property=\"article:modified_time\" content=\"2024-02-24T22:25:24+00:00\" \/>\n<meta property=\"og:image\" content=\"https:\/\/bigband-erfurt.de\/wp-content\/uploads\/HomepageTitel-scaled.jpg\" \/>\n<meta name=\"twitter:card\" content=\"summary_large_image\" \/>\n<meta name=\"twitter:label1\" content=\"Gesch\u00e4tzte Lesezeit\" \/>\n\t<meta name=\"twitter:data1\" content=\"1\u00a0Minute\" \/>\n<script type=\"application\/ld+json\" class=\"yoast-schema-graph\">{\"@context\":\"https:\/\/schema.org\",\"@graph\":[{\"@type\":\"Organization\",\"@id\":\"https:\/\/bigband-erfurt.de\/#organization\",\"name\":\"Crazys BigBand e.V.\",\"url\":\"https:\/\/bigband-erfurt.de\/\",\"sameAs\":[\"https:\/\/www.facebook.com\/crazysunglasses\/\"],\"logo\":{\"@type\":\"ImageObject\",\"inLanguage\":\"de\",\"@id\":\"https:\/\/bigband-erfurt.de\/#\/schema\/logo\/image\/\",\"url\":\"https:\/\/bigband-erfurt.de\/wp-content\/uploads\/01_bbe_bkl-01.png\",\"contentUrl\":\"https:\/\/bigband-erfurt.de\/wp-content\/uploads\/01_bbe_bkl-01.png\",\"width\":472,\"height\":472,\"caption\":\"Crazys BigBand e.V.\"},\"image\":{\"@id\":\"https:\/\/bigband-erfurt.de\/#\/schema\/logo\/image\/\"}},{\"@type\":\"WebSite\",\"@id\":\"https:\/\/bigband-erfurt.de\/#website\",\"url\":\"https:\/\/bigband-erfurt.de\/\",\"name\":\"Crazys-BigBand\",\"description\":\"Ihre PartyBand im Raum Erfurt\",\"publisher\":{\"@id\":\"https:\/\/bigband-erfurt.de\/#organization\"},\"potentialAction\":[{\"@type\":\"SearchAction\",\"target\":{\"@type\":\"EntryPoint\",\"urlTemplate\":\"https:\/\/bigband-erfurt.de\/?s={search_term_string}\"},\"query-input\":\"required name=search_term_string\"}],\"inLanguage\":\"de\"},{\"@type\":\"ImageObject\",\"inLanguage\":\"de\",\"@id\":\"https:\/\/bigband-erfurt.de\/#primaryimage\",\"url\":\"https:\/\/bigband-erfurt.de\/wp-content\/uploads\/HomepageTitel-scaled.jpg\",\"contentUrl\":\"https:\/\/bigband-erfurt.de\/wp-content\/uploads\/HomepageTitel-scaled.jpg\",\"width\":2560,\"height\":1215},{\"@type\":\"WebPage\",\"@id\":\"https:\/\/bigband-erfurt.de\/#webpage\",\"url\":\"https:\/\/bigband-erfurt.de\/\",\"name\":\"Home - BigBand aus Erfurt macht Ihren Tanzabend unvergesslich!\",\"isPartOf\":{\"@id\":\"https:\/\/bigband-erfurt.de\/#website\"},\"primaryImageOfPage\":{\"@id\":\"https:\/\/bigband-erfurt.de\/#primaryimage\"},\"datePublished\":\"2018-09-29T05:51:59+00:00\",\"dateModified\":\"2024-02-24T22:25:24+00:00\",\"description\":\"Die Crazys aus Erfurt sind die Party Big-Band f\u00fcr Ihren n\u00e4chsten Tanzabend! Besuchen Sie unsere Webseite und \u00fcberzeugen Sie sich von bester Unterhaltung!\",\"breadcrumb\":{\"@id\":\"https:\/\/bigband-erfurt.de\/#breadcrumb\"},\"inLanguage\":\"de\",\"potentialAction\":[{\"@type\":\"ReadAction\",\"target\":[\"https:\/\/bigband-erfurt.de\/\"]}]},{\"@type\":\"BreadcrumbList\",\"@id\":\"https:\/\/bigband-erfurt.de\/#breadcrumb\",\"itemListElement\":[{\"@type\":\"ListItem\",\"position\":1,\"name\":\"Startseite\",\"item\":\"https:\/\/bigband-erfurt.de\/\"},{\"@type\":\"ListItem\",\"position\":2,\"name\":\"Home\"}]}]}<\/script>\n<!-- \/ Yoast SEO plugin. -->","yoast_head_json":{"title":"Home - BigBand aus Erfurt macht Ihren Tanzabend unvergesslich!","description":"Die Crazys aus Erfurt sind die Party Big-Band f\u00fcr Ihren n\u00e4chsten Tanzabend! Besuchen Sie unsere Webseite und \u00fcberzeugen Sie sich von bester Unterhaltung!","robots":{"index":"index","follow":"follow","max-snippet":"max-snippet:-1","max-image-preview":"max-image-preview:large","max-video-preview":"max-video-preview:-1"},"canonical":"https:\/\/bigband-erfurt.de\/","og_locale":"de_DE","og_type":"article","og_title":"Home - BigBand aus Erfurt macht Ihren Tanzabend unvergesslich!","og_description":"Die Crazys aus Erfurt sind die Party Big-Band f\u00fcr Ihren n\u00e4chsten Tanzabend! Besuchen Sie unsere Webseite und \u00fcberzeugen Sie sich von bester Unterhaltung!","og_url":"https:\/\/bigband-erfurt.de\/","og_site_name":"Crazys-BigBand","article_publisher":"https:\/\/www.facebook.com\/crazysunglasses\/","article_modified_time":"2024-02-24T22:25:24+00:00","og_image":[{"url":"https:\/\/bigband-erfurt.de\/wp-content\/uploads\/HomepageTitel-scaled.jpg"}],"twitter_card":"summary_large_image","twitter_misc":{"Gesch\u00e4tzte Lesezeit":"1\u00a0Minute"},"schema":{"@context":"https:\/\/schema.org","@graph":[{"@type":"Organization","@id":"https:\/\/bigband-erfurt.de\/#organization","name":"Crazys BigBand e.V.","url":"https:\/\/bigband-erfurt.de\/","sameAs":["https:\/\/www.facebook.com\/crazysunglasses\/"],"logo":{"@type":"ImageObject","inLanguage":"de","@id":"https:\/\/bigband-erfurt.de\/#\/schema\/logo\/image\/","url":"https:\/\/bigband-erfurt.de\/wp-content\/uploads\/01_bbe_bkl-01.png","contentUrl":"https:\/\/bigband-erfurt.de\/wp-content\/uploads\/01_bbe_bkl-01.png","width":472,"height":472,"caption":"Crazys BigBand e.V."},"image":{"@id":"https:\/\/bigband-erfurt.de\/#\/schema\/logo\/image\/"}},{"@type":"WebSite","@id":"https:\/\/bigband-erfurt.de\/#website","url":"https:\/\/bigband-erfurt.de\/","name":"Crazys-BigBand","description":"Ihre PartyBand im Raum Erfurt","publisher":{"@id":"https:\/\/bigband-erfurt.de\/#organization"},"potentialAction":[{"@type":"SearchAction","target":{"@type":"EntryPoint","urlTemplate":"https:\/\/bigband-erfurt.de\/?s={search_term_string}"},"query-input":"required name=search_term_string"}],"inLanguage":"de"},{"@type":"ImageObject","inLanguage":"de","@id":"https:\/\/bigband-erfurt.de\/#primaryimage","url":"https:\/\/bigband-erfurt.de\/wp-content\/uploads\/HomepageTitel-scaled.jpg","contentUrl":"https:\/\/bigband-erfurt.de\/wp-content\/uploads\/HomepageTitel-scaled.jpg","width":2560,"height":1215},{"@type":"WebPage","@id":"https:\/\/bigband-erfurt.de\/#webpage","url":"https:\/\/bigband-erfurt.de\/","name":"Home - BigBand aus Erfurt macht Ihren Tanzabend unvergesslich!","isPartOf":{"@id":"https:\/\/bigband-erfurt.de\/#website"},"primaryImageOfPage":{"@id":"https:\/\/bigband-erfurt.de\/#primaryimage"},"datePublished":"2018-09-29T05:51:59+00:00","dateModified":"2024-02-24T22:25:24+00:00","description":"Die Crazys aus Erfurt sind die Party Big-Band f\u00fcr Ihren n\u00e4chsten Tanzabend! Besuchen Sie unsere Webseite und \u00fcberzeugen Sie sich von bester Unterhaltung!","breadcrumb":{"@id":"https:\/\/bigband-erfurt.de\/#breadcrumb"},"inLanguage":"de","potentialAction":[{"@type":"ReadAction","target":["https:\/\/bigband-erfurt.de\/"]}]},{"@type":"BreadcrumbList","@id":"https:\/\/bigband-erfurt.de\/#breadcrumb","itemListElement":[{"@type":"ListItem","position":1,"name":"Startseite","item":"https:\/\/bigband-erfurt.de\/"},{"@type":"ListItem","position":2,"name":"Home"}]}]}},"_links":{"self":[{"href":"https:\/\/bigband-erfurt.de\/index.php?rest_route=\/wp\/v2\/pages\/19"}],"collection":[{"href":"https:\/\/bigband-erfurt.de\/index.php?rest_route=\/wp\/v2\/pages"}],"about":[{"href":"https:\/\/bigband-erfurt.de\/index.php?rest_route=\/wp\/v2\/types\/page"}],"author":[{"embeddable":true,"href":"https:\/\/bigband-erfurt.de\/index.php?rest_route=\/wp\/v2\/users\/2"}],"replies":[{"embeddable":true,"href":"https:\/\/bigband-erfurt.de\/index.php?rest_route=%2Fwp%2Fv2%2Fcomments&post=19"}],"version-history":[{"count":125,"href":"https:\/\/bigband-erfurt.de\/index.php?rest_route=\/wp\/v2\/pages\/19\/revisions"}],"predecessor-version":[{"id":4089,"href":"https:\/\/bigband-erfurt.de\/index.php?rest_route=\/wp\/v2\/pages\/19\/revisions\/4089"}],"wp:attachment":[{"href":"https:\/\/bigband-erfurt.de\/index.php?rest_route=%2Fwp%2Fv2%2Fmedia&parent=19"}],"curies":[{"name":"wp","href":"https:\/\/api.w.org\/{rel}","templated":true}]}}